{"id":10591,"date":"2019-06-07T10:23:53","date_gmt":"2019-06-07T15:23:53","guid":{"rendered":"http:\/\/demo.thimpress.com\/eduma\/?page_id=12"},"modified":"2025-09-04T09:08:26","modified_gmt":"2025-09-04T14:08:26","slug":"home","status":"publish","type":"page","link":"https:\/\/itco.edu.co\/web\/","title":{"rendered":"Inicio"},"content":{"rendered":"<div class=\"wpb-content-wrapper\"><p>[vc_row full_width=\u00bbstretch_row\u00bb css=\u00bb.vc_custom_1648825889616{margin-bottom: 0px !important;}\u00bb][vc_column][rev_slider_vc alias=\u00bbhome-page\u00bb][\/vc_column][\/vc_row][vc_row disable_element=\u00bbyes\u00bb css=\u00bb.vc_custom_1726604176332{margin-top: -90px !important;background-color: #eee0cd !important;}\u00bb el_class=\u00bbrow_relative\u00bb][vc_column width=\u00bb2\/3&#8243; css=\u00bb.vc_custom_1532058844902{padding-top: 0px !important;}\u00bb][vc_row_inner css=\u00bb.vc_custom_1532058886594{margin-bottom: 0px !important;padding-top: 35px !important;padding-right: 20px !important;padding-bottom: 30px !important;padding-left: 20px !important;}\u00bb][vc_column_inner width=\u00bb1\/3&#8243;]<div class=\"thim-widget-icon-box template-base\"><div class=\"wrapper-box-icon text-left \" ><div class=\"smicon-box iconbox-left\" style=\"--icon-font-size:48px;--icon-color:#dd6c30;--icon-width: 60px;--icon-height: 55px;--icon-color-hover:#353866;\"><div class=\"boxes-icon\"><a class=\"icon-box-link\" target=\"_self\" href=\"#\"><span class=\"inner-icon\"><span class=\"icon\"><i class=\"fas fa-suitcase\"\"><\/i><\/span><\/span><\/span><\/a><\/div><div class=\"content-inner\"><div class=\"sc-heading article_heading\"><h3 class = \"heading__primary\" style=\"--title-color: #2ec4b6;--title-font-size: 18px;--title-font-weight: 400;--title-margin-bottom: 5px;\"><a class=\"icon-box-link\" target=\"_self\" href=\"#\" >MODALIDADES T\u00c9CNICAS<\/a><\/h3><\/div><\/div><\/div><\/div><\/div>[\/vc_column_inner][vc_column_inner width=\u00bb1\/3&#8243;]<div class=\"thim-widget-icon-box template-base\"><div class=\"wrapper-box-icon text-left \" ><div class=\"smicon-box iconbox-left\" style=\"--icon-font-size:48px;--icon-color:#dd6c30;--icon-width: 60px;--icon-height: 55px;--icon-color-hover:#353866;\"><div class=\"boxes-icon\"><a class=\"icon-box-link\" target=\"_self\" href=\"#\"><span class=\"inner-icon\"><span class=\"icon\"><i class=\"ion-ios-book-outline\"\"><\/i><\/span><\/span><\/span><\/a><\/div><div class=\"content-inner\"><div class=\"sc-heading article_heading\"><h3 class = \"heading__primary\" style=\"--title-color: #2ec4b6;--title-font-size: 18px;--title-font-weight: 400;--title-margin-bottom: 5px;\"><a class=\"icon-box-link\" target=\"_self\" href=\"#\" >EDUCACI\u00d3N<\/a><\/h3><\/div><div class=\"desc-icon-box\"><div class=\"desc-content\" style=\"color: #292929;font-size: 16px;font-weight: 300;line-height: 23px;\">Preescolar y Primaria<\/div><\/div><\/div><\/div><\/div><\/div>[\/vc_column_inner][vc_column_inner width=\u00bb1\/3&#8243;]<div class=\"thim-widget-icon-box template-base\"><div class=\"wrapper-box-icon text-left \" ><div class=\"smicon-box iconbox-left\" style=\"--icon-font-size:48px;--icon-color:#dd6c30;--icon-width: 60px;--icon-height: 55px;--icon-color-hover:#353866;\"><div class=\"boxes-icon\"><a class=\"icon-box-link\" target=\"_self\" href=\"#\"><span class=\"inner-icon\"><span class=\"icon\"><i class=\"ion-ios-basketball-outline\"\"><\/i><\/span><\/span><\/span><\/a><\/div><div class=\"content-inner\"><div class=\"sc-heading article_heading\"><h3 class = \"heading__primary\" style=\"--title-color: #2ec4b6;--title-font-size: 18px;--title-font-weight: 400;--title-margin-bottom: 5px;\"><a class=\"icon-box-link\" target=\"_self\" href=\"#\" >EDUCACI\u00d3N<\/a><\/h3><\/div><div class=\"desc-icon-box\"><div class=\"desc-content\" style=\"color: #292929;font-size: 16px;font-weight: 300;line-height: 23px;\">Secundaria y Media<\/div><\/div><\/div><\/div><\/div><\/div>[\/vc_column_inner][\/vc_row_inner][\/vc_column][vc_column width=\u00bb1\/3&#8243; el_class=\u00bbfeature-icon-box\u00bb css=\u00bb.vc_custom_1532058945916{padding-top: 35px !important;padding-right: 0px !important;padding-bottom: 33px !important;padding-left: 30px !important;}\u00bb]<div class=\"thim-widget-icon-box template-base\"><div class=\"wrapper-box-icon text-left \" ><div class=\"smicon-box iconbox-right\" style=\"--icon-font-size:38px;--icon-color:#ffffff;--icon-width: 80px;--icon-height: 42px;--icon-color-hover:#353866;\"><div class=\"boxes-icon\"><a class=\"icon-box-link\" target=\"_self\" href=\"https:\/\/itco.edu.co\/web\/#\"><span class=\"inner-icon\"><span class=\"icon\"><i class=\"fas fa-graduation-cap\"\"><\/i><\/span><\/span><\/span><\/a><\/div><div class=\"content-inner\"><div class=\"sc-heading article_heading\"><h3 class = \"heading__primary\" style=\"--title-color: #ffffff;--title-font-size: 20px;--title-font-weight: 500;--title-margin-bottom: 5px;\"><a class=\"icon-box-link\" target=\"_self\" href=\"https:\/\/itco.edu.co\/web\/#\" >REGISTRO DE EGRESADOS<\/a><\/h3><\/div><div class=\"desc-icon-box\"><div class=\"desc-content\" style=\"color: #ffffff;font-size: 16px;font-weight: 300;line-height: 23px;\">Actualizaci\u00f3n de Datos<\/div><\/div><\/div><\/div><\/div><\/div>[\/vc_column][\/vc_row][vc_row css=\u00bb.vc_custom_1726604183058{margin-top: -90px !important;background-color: #eee0cd !important;}\u00bb el_class=\u00bbrow_relative\u00bb][vc_column width=\u00bb2\/3&#8243; css=\u00bb.vc_custom_1532058844902{padding-top: 0px !important;}\u00bb][vc_row_inner css=\u00bb.vc_custom_1532058886594{margin-bottom: 0px !important;padding-top: 35px !important;padding-right: 20px !important;padding-bottom: 30px !important;padding-left: 20px !important;}\u00bb][vc_column_inner width=\u00bb1\/2&#8243;]<div class=\"thim-widget-icon-box template-base\"><div class=\"wrapper-box-icon text-left \" ><div class=\"smicon-box iconbox-left\" style=\"--icon-font-size:48px;--icon-color:#dd6c30;--icon-width: 60px;--icon-height: 55px;--icon-color-hover:#dd6c30;\"><div class=\"boxes-icon\"><a class=\"icon-box-link\" target=\"_self\" href=\"#\"><span class=\"inner-icon\"><span class=\"icon\"><i class=\"fas fa-user-clock\"\"><\/i><\/span><\/span><\/span><\/a><\/div><div class=\"content-inner\"><div class=\"sc-heading article_heading\"><h3 class = \"heading__primary\" style=\"--title-color: #3EAA43;--title-font-size: 18px;--title-font-weight: 400;--title-margin-bottom: 5px;\"><a class=\"icon-box-link\" target=\"_self\" href=\"#\" >INSCRIPCIONES ABIERTAS<\/a><\/h3><\/div><div class=\"desc-icon-box\"><div class=\"desc-content\" style=\"color: #292929;font-size: 16px;font-weight: 300;line-height: 23px;\">Septiembre 15 a octubre 15 de 2025<\/div><\/div><\/div><\/div><\/div><\/div>[\/vc_column_inner][vc_column_inner width=\u00bb1\/2&#8243;]<div class=\"thim-widget-icon-box template-base\"><div class=\"wrapper-box-icon text-left \" ><div class=\"smicon-box iconbox-left\" style=\"--icon-font-size:48px;--icon-color:#ff0000;--icon-width: 60px;--icon-height: 55px;--icon-color-hover:#ff2b2b;\"><div class=\"boxes-icon\"><a class=\"icon-box-link\" target=\"_blank\" href=\"https:\/\/web.facebook.com\/watch\/?v=2012300872447606\"><span class=\"inner-icon\"><span class=\"icon\"><i class=\"fab fa-youtube\"\"><\/i><\/span><\/span><\/span><\/a><\/div><div class=\"content-inner\"><div class=\"sc-heading article_heading\"><h3 class = \"heading__primary\" style=\"--title-color: #2ec4b6;--title-font-size: 18px;--title-font-weight: 400;--title-margin-bottom: 5px;\"><a class=\"icon-box-link\" target=\"_blank\" href=\"https:\/\/web.facebook.com\/watch\/?v=2012300872447606\" >INSTRUCCIONES<\/a><\/h3><\/div><div class=\"desc-icon-box\"><div class=\"desc-content\" style=\"color: #292929;font-size: 16px;font-weight: 300;line-height: 23px;\">Videotutorial<\/div><\/div><\/div><\/div><\/div><\/div>[\/vc_column_inner][\/vc_row_inner][\/vc_column][vc_column width=\u00bb1\/3&#8243; el_class=\u00bbfeature-icon-box\u00bb css=\u00bb.vc_custom_1532058945916{padding-top: 35px !important;padding-right: 0px !important;padding-bottom: 33px !important;padding-left: 30px !important;}\u00bb]<div class=\"thim-widget-icon-box template-base\"><div class=\"wrapper-box-icon text-left \" ><div class=\"smicon-box iconbox-right\" style=\"--icon-font-size:38px;--icon-color:#ffffff;--icon-width: 80px;--icon-height: 42px;--icon-color-hover:#292929;\"><div class=\"boxes-icon\"><a class=\"icon-box-link\" target=\"_blank\" href=\"\/ovy\/register\"><span class=\"inner-icon\"><span class=\"icon\"><i class=\"fas fa-hand-point-left\"\"><\/i><\/span><\/span><\/span><\/a><\/div><div class=\"content-inner\"><div class=\"sc-heading article_heading\"><h3 class = \"heading__primary\" style=\"--title-color: #FFFFFF;--title-font-size: 20px;--title-font-weight: 500;--title-margin-bottom: 5px;\"><a class=\"icon-box-link\" target=\"_blank\" href=\"\/ovy\/register\" >INSCR\u00cdBETE AQU\u00cd<\/a><\/h3><\/div><div class=\"desc-icon-box\"><div class=\"desc-content\" style=\"color: #ffffff;font-size: 16px;font-weight: 400;line-height: 23px;\">Estudiantes nuevos 2026<\/div><\/div><\/div><\/div><\/div><\/div>[\/vc_column][\/vc_row][vc_row][vc_column width=\u00bb1\/2&#8243;]<div class=\"thim-widget-heading template-base\"><div class=\"sc_heading  \"><h3 class=\"title\">Prematr\u00edculas y\/o <strong>Reserva de cupo<\/strong><\/h3><span class=\"line\"><\/span><\/div><\/div>[vc_column_text css=\u00bb\u00bb]<\/p>\n<div style=\"width: 640px;\" class=\"wp-video\"><video class=\"wp-video-shortcode\" id=\"video-10591-1\" width=\"640\" height=\"360\" preload=\"metadata\" controls=\"controls\"><source type=\"video\/mp4\" src=\"https:\/\/itco.edu.co\/web\/wp-content\/uploads\/2025\/09\/prematriculaOvy.35f619f0.mp4?_=1\" \/><a href=\"https:\/\/itco.edu.co\/web\/wp-content\/uploads\/2025\/09\/prematriculaOvy.35f619f0.mp4\">https:\/\/itco.edu.co\/web\/wp-content\/uploads\/2025\/09\/prematriculaOvy.35f619f0.mp4<\/a><\/video><\/div>\n<p>[\/vc_column_text]<div class=\"thim-widget-heading template-base\"><div class=\"sc_heading  \"><h3 class=\"title\">Nuestras <strong>Instalaciones<\/strong><\/h3><span class=\"line\"><\/span><\/div><\/div>[vc_images_carousel images=\u00bb12063,12058,12061,12060,12059,12062,12064&#8243; img_size=\u00bbfull\u00bb slides_per_view=\u00bb2&#8243; autoplay=\u00bbyes\u00bb css=\u00bb\u00bb][\/vc_column][vc_column width=\u00bb1\/2&#8243;]<div class=\"thim-widget-heading template-base\"><div class=\"sc_heading  \"><h3 class=\"title\">Inscripci\u00f3n de estudiantes nuevos <strong>2026<\/strong><\/h3><span class=\"line\"><\/span><\/div><\/div>[vc_column_text css=\u00bb\u00bb]<\/p>\n<div style=\"width: 640px;\" class=\"wp-video\"><video class=\"wp-video-shortcode\" id=\"video-10591-2\" width=\"640\" height=\"325\" preload=\"metadata\" controls=\"controls\"><source type=\"video\/mp4\" src=\"https:\/\/itco.edu.co\/web\/wp-content\/uploads\/2025\/09\/Inscripciones-2026.mp4?_=2\" \/><a href=\"https:\/\/itco.edu.co\/web\/wp-content\/uploads\/2025\/09\/Inscripciones-2026.mp4\">https:\/\/itco.edu.co\/web\/wp-content\/uploads\/2025\/09\/Inscripciones-2026.mp4<\/a><\/video><\/div>\n<p>[\/vc_column_text]<div class=\"thim-widget-heading template-base\"><div class=\"sc_heading  \"><h3 style=\"color:#292929;font-size:35px;font-weight:600;\" class=\"title\">\u00daltimas <strong>Noticias<\/strong><\/h3><\/div><\/div><div class=\"thim-widget-list-post template-list-post\">\n<div class=\"sc-list-post thim-list-posts home-new\" >\n<div class=\"item-post post-540 post type-post status-publish format-standard hentry category-noticias\">\n\t<div class=\"article-title-wrapper\"><h5 class=\"title\"><a href=\"https:\/\/itco.edu.co\/web\/la-rae-elimino-letras-del-alfabeto-y-cambio-el-nombre-a-otras\/\" class=\"article-title\">La RAE elimin\u00f3 letras del Alfabeto y cambi\u00f3 el nombre a otras<\/a><\/h5><div class=\"article-date\"><i class=\"tk tk-calendar-with-week-focus\"><\/i> 15 abril, 2021<\/div><div class=\"description\"><p>Dr\u00e1sticos cambios en el alfabeto y en las reglas de escritura contiene la nueva edici\u00f3n de Ortograf\u00eda elaborada por la Real Academia Espa\u00f1ola (RAE), que se publicar\u00e1 a fines de este a\u00f1o.Entre las modificaciones m\u00e1s llamativas est\u00e1 la eliminaci\u00f3n de &#8230;<\/p><\/div><\/div><\/div>\n<div class=\"item-post post-533 post type-post status-publish format-standard hentry category-noticias\">\n\t<div class=\"article-title-wrapper\"><h5 class=\"title\"><a href=\"https:\/\/itco.edu.co\/web\/ruta-de-atencion-para-la-convivenvia-escolar\/\" class=\"article-title\">Ruta de Atenci\u00f3n para la Convivenvia Escolar<\/a><\/h5><div class=\"article-date\"><i class=\"tk tk-calendar-with-week-focus\"><\/i> 7 abril, 2021<\/div><div class=\"description\"><p>PRINCIPIOS REGULADORES EL DEBIDO PROCESO Reconocimiento de la dignidad humana: Respeto a la persona. El estudiante, as\u00ed sea un infractor de norma contenida en el Manual de Convivencia, es sujeto de derechos, de respeto y consideraci\u00f3n por parte de los &#8230;<\/p><\/div><\/div><\/div><\/div><\/div>[\/vc_column][vc_column][vc_zigzag css=\u00bb.vc_custom_1553787417949{margin-top: 15px !important;}\u00bb][\/vc_column][\/vc_row][vc_row full_width=\u00bbstretch_row\u00bb][vc_column width=\u00bb1\/3&#8243;]<div class=\"thim-widget-heading template-base\"><div class=\"sc_heading  \"><h3 style=\"color:#292929;font-size:35px;font-weight:600;\" class=\"title\">Nuestra <strong>Misi\u00f3n<\/strong><\/h3><\/div><\/div>[vc_column_text css=\u00bb.vc_custom_1740366231261{margin-bottom: 35px !important;}\u00bb]<\/p>\n<div class=\"textwidget\">\n<p style=\"text-align: left;\">La Instituci\u00f3n Educativa Cristo Obrero, se compromete a ofrecer una educaci\u00f3n de calidad, que responda a las necesidades prioritarias del medio, impartiendo una educaci\u00f3n acad\u00e9mica y t\u00e9cnica en las modalidades acad\u00e9micas y t\u00e9cnicas, mediante procesos pedag\u00f3gicos, culturales, pr\u00e1cticos; basados en valores que contribuyan al fortalecimiento de la cultura ambiental, la convivencia pac\u00edfica y el respeto por la vida; que le permita a los estudiantes interactuar con \u00e9xito en el campo medio social y laboral, siendo sujetos sociales activos de derechos humanos, sexuales y reproductivos, responsables de su progreso personal, familiar y comunitario de la comunidad en general.<\/p>\n<\/div>\n<p>[\/vc_column_text]<div class=\"thim-widget-button template-base\"><a class=\"widget-button very-rounded no-border small custom_style\" href=\"https:\/\/itco.edu.co\/web\/nuestro-colegio\/\" style=\"--widget-button-font-size: 14px;--widget-button-font-weight: 400;--widget-button-color: #ffffff;--widget-button-background-color: #2ec4b6;--widget-button-color-hover: #ffffff;--widget-button-background-color-hover: #1c9b8e;\"><i class=\"fa fa-plus\" style=\"font-size: 14px;\"><\/i> Informaci\u00f3n<\/a><\/div>[\/vc_column][vc_column width=\u00bb1\/3&#8243;]<div class=\"thim-widget-heading template-base\"><div class=\"sc_heading  text-center\"><h3 style=\"color:#292929;font-size:35px;font-weight:600;\" class=\"title\">Nuestra <strong>Bandera<\/strong><\/h3><\/div><\/div>[vc_single_image image=\u00bb430&#8243; alignment=\u00bbcenter\u00bb][\/vc_column][vc_column width=\u00bb1\/3&#8243;]<div class=\"thim-widget-heading template-base\"><div class=\"sc_heading  text-center\"><h3 style=\"color:#292929;font-size:35px;font-weight:600;\" class=\"title\">Nuestra<strong> Visi\u00f3n <\/strong><\/h3><\/div><\/div>[vc_column_text css=\u00bb\u00bb]La Instituci\u00f3n Educativa Cristo Obrero, ser\u00e1 l\u00edder en la ciudad de C\u00facuta, integrada a la comunidad y al desarrollo de la regi\u00f3n; como escenario de participaci\u00f3n del desarrollo de la ciencia, la tecnolog\u00eda, la creatividad, la cultura, el arte y la recreaci\u00f3n; con niveles de formaci\u00f3n human\u00edstica y modalidades de educaci\u00f3n T\u00e9cnica \u2013 Acad\u00e9mica que cumplan con par\u00e1metros de inclusi\u00f3n educaci\u00f3n inclusiva, promoviendo la cultura de la paz, la conciencia ambiental y una educaci\u00f3n para la sexualidad y construcci\u00f3n de ciudadan\u00eda.[\/vc_column_text][\/vc_column][\/vc_row][vc_row full_width=\u00bbstretch_row\u00bb disable_element=\u00bbyes\u00bb css=\u00bb.vc_custom_1560011388305{margin-bottom: 0px !important;padding-top: 60px !important;padding-bottom: 60px !important;background-color: #353866 !important;}\u00bb][vc_column width=\u00bb1\/4&#8243; css=\u00bb.vc_custom_1532062830416{padding-top: 0px !important;}\u00bb]<div class=\"vc-extral_class home-grad\"><div class=\"thim-widget-counters-box template-base\"><div class=\"counter-box home-page\" style=\"\"><div class=\"content-box-percentage\">\n\t\t<div class=\"wrap-percentage\">\n\t\t<div class=\"display-percentage\" data-percentage=\"95\" >95<\/div><div class=\"text_number\">%<\/div><\/div><div class=\"counter-content-container\"><div class=\"counter-box-content\" style=\"\">Estudiantes Aprobados<\/div><\/div><\/div><\/div><\/div><\/div>[\/vc_column][vc_column width=\u00bb1\/4&#8243; css=\u00bb.vc_custom_1549114450977{padding-top: 0px !important;}\u00bb]<div class=\"vc-extral_class home-grad\"><div class=\"thim-widget-counters-box template-base\"><div class=\"counter-box home-page\" style=\"\"><div class=\"content-box-percentage\">\n\t\t<div class=\"wrap-percentage\">\n\t\t<div class=\"display-percentage\" data-percentage=\"60\" >60<\/div><div class=\"text_number\">K<\/div><\/div><div class=\"counter-content-container\"><div class=\"counter-box-content\" style=\"\">Estudiantes Atendidos<\/div><\/div><\/div><\/div><\/div><\/div>[\/vc_column][vc_column width=\u00bb1\/4&#8243; css=\u00bb.vc_custom_1532062843476{padding-top: 0px !important;}\u00bb]<div class=\"vc-extral_class home-grad\"><div class=\"thim-widget-counters-box template-base\"><div class=\"counter-box home-page\" style=\"\"><div class=\"content-box-percentage\">\n\t\t<div class=\"wrap-percentage\">\n\t\t<div class=\"display-percentage\" data-percentage=\"3200\" >3200<\/div><div class=\"text_number\"><\/div><\/div><div class=\"counter-content-container\"><div class=\"counter-box-content\" style=\"\">Estudiantes Graduados<\/div><\/div><\/div><\/div><\/div><\/div>[\/vc_column][vc_column width=\u00bb1\/4&#8243; css=\u00bb.vc_custom_1532062850425{padding-top: 0px !important;}\u00bb]<div class=\"vc-extral_class home-grad\"><div class=\"thim-widget-counters-box template-base\"><div class=\"counter-box home-page\" style=\"\"><div class=\"content-box-percentage\">\n\t\t<div class=\"wrap-percentage\">\n\t\t<div class=\"display-percentage\" data-percentage=\"45\" >45<\/div><div class=\"text_number\"><\/div><\/div><div class=\"counter-content-container\"><div class=\"counter-box-content\" style=\"\">A\u00f1os de Historia<\/div><\/div><\/div><\/div><\/div><\/div>[\/vc_column][\/vc_row][vc_row content_placement=\u00bbmiddle\u00bb css=\u00bb.vc_custom_1740365946253{margin-top: 30px !important;background-image: url(https:\/\/itco.edu.co\/web\/wp-content\/uploads\/2025\/02\/Teprot.png?id=12032) !important;background-position: center !important;background-repeat: no-repeat !important;background-size: cover !important;}\u00bb el_id=\u00bb#teprotejo\u00bb][vc_column width=\u00bb1\/3&#8243;][\/vc_column][vc_column width=\u00bb1\/3&#8243;]<div class=\"thim-widget-heading template-base\"><div class=\"sc_heading  text-center\"><h3 style=\"color:#1E73BE;font-size:20px;font-weight:bold;\" class=\"title\">TeGu\u00edo<\/h3><\/div><\/div>[vc_column_text css=\u00bb\u00bb]<\/p>\n<p style=\"text-align: center;\">Si tienes dudas sobre l\u00edmites en las relaciones, consentimiento, contacto con material de explotaci\u00f3n sexual de ni\u00f1as, ni\u00f1os y adolescentes, preocupaciones sobre los intereses, comentarios o comportamientos sexuales de alguien menor de 18 a\u00f1os, en Te Gu\u00edo est\u00e1 bien preguntar.<\/p>\n<p>[\/vc_column_text][vc_btn title=\u00bbVisitar Sitio\u00bb style=\u00bb3d\u00bb color=\u00bbprimary\u00bb size=\u00bbsm\u00bb align=\u00bbcenter\u00bb i_icon_fontawesome=\u00bbfas fa-external-link-alt\u00bb css=\u00bb\u00bb add_icon=\u00bbtrue\u00bb link=\u00bburl:https%3A%2F%2Fwww.teguiocolombia.org%2Findex.html|target:_blank\u00bb][\/vc_column][vc_column width=\u00bb1\/3&#8243;][\/vc_column][\/vc_row][vc_row full_width=\u00bbstretch_row\u00bb css=\u00bb.vc_custom_1740366019915{padding-top: 80px !important;padding-bottom: 80px !important;background-color: #71CEFC !important;}\u00bb][vc_column css=\u00bb.vc_custom_1532076559485{padding-top: 0px !important;}\u00bb]<div class=\"vc-extral_class wpb_animate_when_almost_visible wpb_fadeInUp fadeInUp\"><div class=\"thim-widget-gallery-images template-base\"><div class=\"thim-carousel-wrapper gallery-img\" data-visible=\"3\" data-itemtablet=\"3\" data-itemmobile=\"3\" data-autoplay=\"1500\" data-navigation=\"1\" data-pagination=\"1\" data-loop=\"true\"><div class=\"item\"><a target=_blank href=\"https:\/\/teprotejocolombia.org\/\"><img loading=\"lazy\" decoding=\"async\" width=\"412\" height=\"150\" src=\"https:\/\/itco.edu.co\/web\/wp-content\/uploads\/2025\/02\/TEPROTEJO.png\" class=\"attachment-full size-full\" alt=\"\" srcset=\"https:\/\/itco.edu.co\/web\/wp-content\/uploads\/2025\/02\/TEPROTEJO.png 412w, https:\/\/itco.edu.co\/web\/wp-content\/uploads\/2025\/02\/TEPROTEJO-300x109.png 300w\" sizes=\"auto, (max-width: 412px) 100vw, 412px\" \/><\/a><\/div><div class=\"item\"><a target=_blank href=\"https:\/\/www.sena.edu.co\/es-co\/Paginas\/default.aspx\"><img loading=\"lazy\" decoding=\"async\" width=\"153\" height=\"150\" src=\"https:\/\/itco.edu.co\/web\/wp-content\/uploads\/2025\/02\/logoSena-e1737411421366.png\" class=\"attachment-full size-full\" alt=\"\" \/><\/a><\/div><div class=\"item\"><a target=_blank href=\"https:\/\/www.icfes.gov.co\/\"><img loading=\"lazy\" decoding=\"async\" width=\"108\" height=\"150\" src=\"https:\/\/itco.edu.co\/web\/wp-content\/uploads\/2025\/02\/ICFES.png\" class=\"attachment-full size-full\" alt=\"\" \/><\/a><\/div><\/div><\/div><\/div>[\/vc_column][\/vc_row]<\/p>\n<\/div>","protected":false},"excerpt":{"rendered":"<p>[vc_row full_width=\u00bbstretch_row\u00bb css=\u00bb.vc_custom_1648825889616{margin-bottom: 0px !important;}\u00bb][vc_column][rev_slider_vc alias=\u00bbhome-page\u00bb][\/vc_column][\/vc_row][vc_row disable_element=\u00bbyes\u00bb css=\u00bb.vc_custom_1726604176332{margin-top: -90px !important;background-color: #eee0cd !important;}\u00bb el_class=\u00bbrow_relative\u00bb][vc_column width=\u00bb2\/3&#8243; css=\u00bb.vc_custom_1532058844902{padding-top: 0px !important;}\u00bb][vc_row_inner css=\u00bb.vc_custom_1532058886594{margin-bottom: 0px !important;padding-top: 35px !important;padding-right: 20px !important;padding-bottom: 30px !important;padding-left: 20px !important;}\u00bb][vc_column_inner width=\u00bb1\/3&#8243;][\/vc_column_inner][vc_column_inner width=\u00bb1\/3&#8243;][\/vc_column_inner][vc_column_inner width=\u00bb1\/3&#8243;][\/vc_column_inner][\/vc_row_inner][\/vc_column][vc_column width=\u00bb1\/3&#8243; el_class=\u00bbfeature-icon-box\u00bb css=\u00bb.vc_custom_1532058945916{padding-top: 35px !important;padding-right: 0px !important;padding-bottom: 33px !important;padding-left: &hellip; <\/p>\n","protected":false},"author":1,"featured_media":0,"parent":0,"menu_order":0,"comment_status":"closed","ping_status":"closed","template":"page-templates\/homepage.php","meta":{"footnotes":""},"class_list":["post-10591","page","type-page","status-publish","hentry"],"_links":{"self":[{"href":"https:\/\/itco.edu.co\/web\/wp-json\/wp\/v2\/pages\/10591","targetHints":{"allow":["GET"]}}],"collection":[{"href":"https:\/\/itco.edu.co\/web\/wp-json\/wp\/v2\/pages"}],"about":[{"href":"https:\/\/itco.edu.co\/web\/wp-json\/wp\/v2\/types\/page"}],"author":[{"embeddable":true,"href":"https:\/\/itco.edu.co\/web\/wp-json\/wp\/v2\/users\/1"}],"replies":[{"embeddable":true,"href":"https:\/\/itco.edu.co\/web\/wp-json\/wp\/v2\/comments?post=10591"}],"version-history":[{"count":132,"href":"https:\/\/itco.edu.co\/web\/wp-json\/wp\/v2\/pages\/10591\/revisions"}],"predecessor-version":[{"id":12067,"href":"https:\/\/itco.edu.co\/web\/wp-json\/wp\/v2\/pages\/10591\/revisions\/12067"}],"wp:attachment":[{"href":"https:\/\/itco.edu.co\/web\/wp-json\/wp\/v2\/media?parent=10591"}],"curies":[{"name":"wp","href":"https:\/\/api.w.org\/{rel}","templated":true}]}}